{"id":79,"date":"2017-01-04T15:04:20","date_gmt":"2017-01-04T14:04:20","guid":{"rendered":"https:\/\/www.kanzlei-vespermann.de\/?page_id=79"},"modified":"2026-02-06T15:24:26","modified_gmt":"2026-02-06T14:24:26","slug":"andere-rechtsgebiete","status":"publish","type":"page","link":"https:\/\/www.kanzlei-vespermann.de\/?page_id=79","title":{"rendered":"Andere Rechtsgebiete"},"content":{"rendered":"<p>Neben dem Mietrecht, berate ich Sie im Allgemeinen Vertragsrecht nach R\u00fccksprache \u00a0(Kaufvertr\u00e4ge, Leihvertr\u00e4ge etc.,<br \/>\nz.B. Erstellung, \u00dcberpr\u00fcfung und R\u00fccktritt von Vertr\u00e4gen, Schadensersatz, Minderung, R\u00fcckabwicklung)<\/p>\n<p>Da ich mich jedoch auf das Mietrecht spezialisiert habe, nehme ich Mandate aus anderen Rechtsgebieten nur vereinzelt und bei freier Kapazit\u00e4t an.<\/p>\n","protected":false},"excerpt":{"rendered":"<p>Neben dem Mietrecht, berate ich Sie im Allgemeinen Vertragsrecht nach R\u00fccksprache \u00a0(Kaufvertr\u00e4ge, Leihvertr\u00e4ge etc., z.B. Erstellung, \u00dcberpr\u00fcfung und R\u00fccktritt von Vertr\u00e4gen, Schadensersatz, Minderung, R\u00fcckabwicklung) Da ich mich jedoch auf das Mietrecht spezialisiert habe, nehme ich Mandate aus anderen Rechtsgebieten nur vereinzelt und bei freier Kapazit\u00e4t an.<\/p>\n","protected":false},"author":2,"featured_media":0,"parent":0,"menu_order":0,"comment_status":"closed","ping_status":"closed","template":"","meta":{"footnotes":""},"class_list":["post-79","page","type-page","status-publish","hentry"],"_links":{"self":[{"href":"https:\/\/www.kanzlei-vespermann.de\/index.php?rest_route=\/wp\/v2\/pages\/79","targetHints":{"allow":["GET"]}}],"collection":[{"href":"https:\/\/www.kanzlei-vespermann.de\/index.php?rest_route=\/wp\/v2\/pages"}],"about":[{"href":"https:\/\/www.kanzlei-vespermann.de\/index.php?rest_route=\/wp\/v2\/types\/page"}],"author":[{"embeddable":true,"href":"https:\/\/www.kanzlei-vespermann.de\/index.php?rest_route=\/wp\/v2\/users\/2"}],"replies":[{"embeddable":true,"href":"https:\/\/www.kanzlei-vespermann.de\/index.php?rest_route=%2Fwp%2Fv2%2Fcomments&post=79"}],"version-history":[{"count":16,"href":"https:\/\/www.kanzlei-vespermann.de\/index.php?rest_route=\/wp\/v2\/pages\/79\/revisions"}],"predecessor-version":[{"id":401,"href":"https:\/\/www.kanzlei-vespermann.de\/index.php?rest_route=\/wp\/v2\/pages\/79\/revisions\/401"}],"wp:attachment":[{"href":"https:\/\/www.kanzlei-vespermann.de\/index.php?rest_route=%2Fwp%2Fv2%2Fmedia&parent=79"}],"curies":[{"name":"wp","href":"https:\/\/api.w.org\/{rel}","templated":true}]}}