{"id":77,"date":"2017-01-04T15:04:07","date_gmt":"2017-01-04T14:04:07","guid":{"rendered":"https:\/\/www.kanzlei-vespermann.de\/?page_id=77"},"modified":"2020-02-06T12:47:34","modified_gmt":"2020-02-06T11:47:34","slug":"mietrecht","status":"publish","type":"page","link":"https:\/\/www.kanzlei-vespermann.de\/?page_id=77","title":{"rendered":"Mietrecht"},"content":{"rendered":"<p>Durch die Mitverwaltung von Immobilien, habe ich auf dem Gebiet des Mietrechts zahlreiche Erfahrungen gesammelt und bin sowohl mit Problemen auf der Vermieterseite, als auch auf der Mietparteiseite vertraut.<\/p>\n<p>Gerne berate ich Sie daher zu allen mietrechtlichen Angelegenheiten.<br \/>\nHierzu geh\u00f6ren zum Beispiel:<\/p>\n<ul>\n<li>Die Erstellung und \u00dcberpr\u00fcfung von Mietvertr\u00e4gen<\/li>\n<li>Die \u00dcberpr\u00fcfung von Sch\u00f6nheitsreparaturklauseln<\/li>\n<li>Die Durchsetzung von Anspr\u00fcchen bei M\u00e4ngeln am Wohnobjekt (z.B. Reparaturverlangen, Schadensersatz, Mietminderung)<\/li>\n<li>Die \u00dcberpr\u00fcfung von K\u00fcndigungen und das Verfassen von K\u00fcndigungen (auch in Sonderf\u00e4llen, wie z.B. bei Eigenbedarf oder im Falle fristloser K\u00fcndigungen)<\/li>\n<li>Beratung zu und Entwurf von Individualvereinbarungen<\/li>\n<li>Durchsetzung von Mieterh\u00f6hungen z.B. aufgrund von Modernisierungsma\u00dfnahmen oder zur Anpassung an die orts\u00fcbliche Vergleichsmiete<\/li>\n<li>Die Beitreibung ausstehenden Mietzinses oder von Betriebskosten<\/li>\n<li>Die \u00dcberpr\u00fcfung von Betriebskostenabrechnungen<\/li>\n<li>Beitreibung zu Unrecht einbehaltener Kautionen<\/li>\n<li>R\u00e4umungsklagen<\/li>\n<\/ul>\n<p>Da Streitigkeiten aus einem Wohn-Mietverh\u00e4ltnis zumindest auf einer Seite immer den pers\u00f6nlichen Lebensbereich betreffen und somit stark belastend sein k\u00f6nnen, bin ich stets bem\u00fcht, sofern gew\u00fcnscht, eine f\u00fcr beide Seiten einvernehmliche L\u00f6sung zu finden, die das weitere Mietverh\u00e4ltnis nicht belastet.<\/p>\n","protected":false},"excerpt":{"rendered":"<p>Durch die Mitverwaltung von Immobilien, habe ich auf dem Gebiet des Mietrechts zahlreiche Erfahrungen gesammelt und bin sowohl mit Problemen auf der Vermieterseite, als auch auf der Mietparteiseite vertraut. Gerne berate ich Sie daher zu allen mietrechtlichen Angelegenheiten. Hierzu geh\u00f6ren zum Beispiel: Die Erstellung und \u00dcberpr\u00fcfung von Mietvertr\u00e4gen Die \u00dcberpr\u00fcfung von Sch\u00f6nheitsreparaturklauseln Die Durchsetzung von [&hellip;]<\/p>\n","protected":false},"author":2,"featured_media":0,"parent":0,"menu_order":0,"comment_status":"closed","ping_status":"closed","template":"","meta":{"footnotes":""},"class_list":["post-77","page","type-page","status-publish","hentry"],"_links":{"self":[{"href":"https:\/\/www.kanzlei-vespermann.de\/index.php?rest_route=\/wp\/v2\/pages\/77","targetHints":{"allow":["GET"]}}],"collection":[{"href":"https:\/\/www.kanzlei-vespermann.de\/index.php?rest_route=\/wp\/v2\/pages"}],"about":[{"href":"https:\/\/www.kanzlei-vespermann.de\/index.php?rest_route=\/wp\/v2\/types\/page"}],"author":[{"embeddable":true,"href":"https:\/\/www.kanzlei-vespermann.de\/index.php?rest_route=\/wp\/v2\/users\/2"}],"replies":[{"embeddable":true,"href":"https:\/\/www.kanzlei-vespermann.de\/index.php?rest_route=%2Fwp%2Fv2%2Fcomments&post=77"}],"version-history":[{"count":9,"href":"https:\/\/www.kanzlei-vespermann.de\/index.php?rest_route=\/wp\/v2\/pages\/77\/revisions"}],"predecessor-version":[{"id":313,"href":"https:\/\/www.kanzlei-vespermann.de\/index.php?rest_route=\/wp\/v2\/pages\/77\/revisions\/313"}],"wp:attachment":[{"href":"https:\/\/www.kanzlei-vespermann.de\/index.php?rest_route=%2Fwp%2Fv2%2Fmedia&parent=77"}],"curies":[{"name":"wp","href":"https:\/\/api.w.org\/{rel}","templated":true}]}}