{"id":231,"date":"2018-06-04T11:30:59","date_gmt":"2018-06-04T10:30:59","guid":{"rendered":"https:\/\/www.kanzlei-vespermann.de\/?page_id=231"},"modified":"2025-01-15T13:16:07","modified_gmt":"2025-01-15T12:16:07","slug":"information-zur-datenverarbeitung","status":"publish","type":"page","link":"https:\/\/www.kanzlei-vespermann.de\/?page_id=231","title":{"rendered":"Information zur Datenverarbeitung"},"content":{"rendered":"<p>Der Schutz Ihrer personenbezogenen Daten ist mir wichtig. Daher m\u00f6chte ich Sie im Folgenden dar\u00fcber informieren, wie Ihre Daten verarbeitet werden und welche Rechte Ihnen diesbez\u00fcglich zustehen.<\/p>\n<h3>Zweck und Umfang der Datenverarbeitung<\/h3>\n<p>Die durch Aufrufen und Besuchen der Website, per Email, Telefon oder schriftlich (z.B. in der Kanzlei) mitgeteilten personenbezogenen Daten, werden zu den folgenden Zwecken und Rechtsgrundlagen verarbeitet sowie innerhalb der folgenden L\u00f6schfristen gel\u00f6scht:<\/p>\n<h4>Im Rahmen eines Mandatsverh\u00e4ltnisses erhobene Daten<\/h4>\n<p>Wenn Sie mich mandatieren, erhebe ich folgende Daten von Ihnen, um das Mandatsverh\u00e4ltnis ordnungsgem\u00e4\u00df bearbeiten und abwickeln zu k\u00f6nnen:<\/p>\n<ul>\n<li>Anrede, Vor- und Nachname<\/li>\n<li>Anschrift<\/li>\n<li>Telefonnummer (Festnetz und Mobil)<\/li>\n<li>E-Mailadresse<\/li>\n<li>Informationen zu einer ggf. vorhandenen Rechtschutzversicherung<\/li>\n<li>Bankverbindung<\/li>\n<li>Weitere Daten und Informationen zu Ihrem individuellen Anliegen<\/li>\n<\/ul>\n<p>Die Erhebung dieser Daten ist notwendig, um Sie im Rahmen des Mandatsverh\u00e4ltnisses kontaktieren zu k\u00f6nnen, Sie ordnungsgem\u00e4\u00df beraten und vertreten zu k\u00f6nnen, zur \u00dcberweisung von Fremdgeldern und zur Abwicklung des Mandatsverh\u00e4ltnisses (Rechnungsstellung, Geltendmachung von etwaigen Anspr\u00fcchen).<\/p>\n<p>Die Datenverarbeitung erfolgt deshalb vorrangig aufgrund eines k\u00fcnftigen oder bestehenden Mandatsverh\u00e4ltnisses auf der Grundlage des Art. 6 Abs. 1 Satz 1 lit. b DSGVO. Zudem kann eine Verarbeitung personenbezogener Daten gem\u00e4\u00df Art. 6 Abs. 1 Satz 1 lit. c DSGVO zum Zweck der Erf\u00fcllung unterschiedlicher gesetzlicher Verpflichtungen, welchen ich unterliege, erforderlich sein. Im Anlassfall kann gem\u00e4\u00df Art. 6 Abs. 1 Satz 1 lit. f DSGVO im Rahmen von Interessenabw\u00e4gungen zugunsten meiner Kanzlei eine Datenverarbeitung \u00fcber die eigentliche Erf\u00fcllung des Mandantes hinaus zur Wahrung meiner berechtigten Interessen erfolgen.<\/p>\n<p>Die von Ihnen mitgeteilten Daten werden nur in dem erforderlichen Umfang an Dritte weitergegeben, insoweit dies zur Erf\u00fcllung der Ihnen gegen\u00fcber bestehenden vertraglichen Pflichten notwendig ist. Hierunter kann insbesondere die Weitergabe von Daten an Gerichte, Beh\u00f6rden, Verfahrensgegner und deren Vertreter (z.B. gegnerische Rechtsanw\u00e4lte) fallen.<\/p>\n<p>Soweit ich nicht anderweitig zur Aufbewahrung verpflichtet bin, werden Ihre Daten nur solange gespeichert und verarbeitet, solange ich diese zur Bearbeitung und Abwicklung des Mandates ben\u00f6tige. Bitte beachten Sie jedoch, dass gem\u00e4\u00df \u00a7 50 BRAO f\u00fcr Rechtsanw\u00e4lte eine Aufbewahrungspflicht f\u00fcr die Handakten von sechs Jahren besteht. Die Frist beginnt mit Ablauf des Kalenderjahres, in dem der Auftrag beendet wurde. Gem\u00e4\u00df Art.6 Abs. 1 Satz 1 lit. c) DSGVO i.V.m. HGB, UStG,\u00a0 AO, EStG k\u00f6nnen sich insbesondere f\u00fcr Rechnungen Aufbewahrungsfristen von bis zu zehn Jahren ergeben.<\/p>\n<h4>Datenverarbeitung im Rahmen dieser Website<\/h4>\n<p>Durch das Aufrufen dieser Website \u00fcbermitteln Sie dem Webserver des Providers dieser Internetseite Ihre IP-Adresse sowie weitere Verbindungsdaten wie die Art des verwendeten Betriebssystems und Browsers, um Ihnen die gew\u00fcnschten Inhalte der Website anzeigen zu k\u00f6nnen. Ihre IP-Adresse wird in sog. Logfiles des Webservers jedoch nur anonymisiert gespeichert. Selbstverst\u00e4ndlich werden Ihre Daten auch auf Seiten des Providers vertraulich behandelt. Hierzu ist mir dieser aufgrund eines Auftragsverarbeitungsvertrages gem\u00e4\u00df Art. 28 DSGVO verpflichtet.<\/p>\n<p>Ihre IP-Adresse wird nur zur Bereitstellung der Website aufgrund von Art. 6 Abs. 1 Satz 1 lit. b DSGVO verwendet.<\/p>\n<p>Auf der Website werden keine Cookies verwendet.<\/p>\n<h4>Datenverarbeitung bei Kommunikation via Email<\/h4>\n<p align=\"justify\">Sofern Sie mit mir per Email Kontakt aufnehmen, erfolgt die Verarbeitung der mir von Ihnen zugesandten personenbezogenen Daten allein zum Zweck des rechtsanwaltlichen Mandats, zu welchem Sie mich beauftragen, auf der Rechtsgrundlage des Art. 6 Abs. 1 Satz 1 lit. b DSGVO.<\/p>\n<p>Nach Ihrer Wahl kann die Email-Kommunikation zwischen Ihnen und mir unverschl\u00fcsselt oder verschl\u00fcsselt erfolgen. Insbesondere, wenn Sie vertrauliche Informationen per Email an mich senden wollen, rate ich Ihnen, diese verschl\u00fcsselt zu versenden. Meinen PGP-Schl\u00fcssel f\u00fcr eine sichere Kommunikation per Email finden Sie unter <a href=\"https:\/\/www.kanzlei-vespermann.de\/?page_id=50\">Kontakt<\/a>.<\/p>\n<p>Ihre Emailadresse und Ihre in den Emails und \/oder Anh\u00e4ngen enthaltenen Daten werden von meinem Emailprovider gespeichert, der mir ebenfalls aufgrund eines Auftragsverarbeitungsvertrages gem\u00e4\u00df Art. 28 DSGVO verpflichtet ist.<\/p>\n<p>Die in den Emails enthaltenen personenbezogenen Daten werden nach der Bearbeitung der jeweiligen Anfrage gel\u00f6scht, sofern keine gesetzlichen Pflichten zur weiteren Speicherung der Daten bestehen. F\u00fcr mandatsbezogene Emails hingegen gelten die L\u00f6schfristen im Rahmen des Mandatsverh\u00e4ltnisses (siehe oben).<\/p>\n<h3>Betroffenenrechte<\/h3>\n<p>Sie haben jederzeit das Recht, Auskunft \u00fcber die verarbeiteten personenbezogenen Daten zu verlangen. Hierzu geh\u00f6rt insbesondere die Information \u00fcber Verarbeitungszwecke, die Kategorie der personenbezogenen, verarbeiteten Daten, die Empf\u00e4nger oder Kategorien von Empf\u00e4ngern, gegen\u00fcber denen die personenbezogenen Daten offengelegt worden sind oder noch offengelegt werden, die geplante Speicherdauer und die Herkunft der Daten, auch falls diese nicht durch die Kanzlei Vespermann selbst erhoben und gespeichert wurden (Art. 15 DSGVO).<\/p>\n<p>Ferner k\u00f6nnen Sie jederzeit der Verwendung Ihrer Daten widersprechen (Art. 21 DSGVO) und eine etwaig erteilte Einwilligung zur Verwendung Ihrer Daten\u00a0 widerrufen. Bitte beachten Sie, dass die Verwendung der Daten bis zum Zeitpunkt des Widerrufs bzw. Widerspruchs rechtm\u00e4\u00dfig bleibt.<\/p>\n<p>Zudem haben Sie das Recht auf Berichtigung, L\u00f6schung oder Sperrung Ihrer erhobenen und gespeicherten Daten (Art. 16-18 DSGVO). Dieses Recht kann im Einzelfall durch gesetzliche Verpflichtungen eingeschr\u00e4nkt sein. Sie haben au\u00dferdem das Recht auf Daten\u00fcbertragbarkeit nach Art. 20 DSGVO und zur Beschwerde bei der Aufsichtsbeh\u00f6rde nach Art. 77 DSGVO.<\/p>\n<h3>Verantwortliche<\/h3>\n<p>Rechtsanw\u00e4ltin Sonja Vespermann ist f\u00fcr die Verarbeitung Ihrer personenbezogenen Daten im hier benannten Rahmen verantwortlich.<\/p>\n<p>Kontakt per Email: info@kanzlei-vespermann.de<\/p>\n","protected":false},"excerpt":{"rendered":"<p>Der Schutz Ihrer personenbezogenen Daten ist mir wichtig. Daher m\u00f6chte ich Sie im Folgenden dar\u00fcber informieren, wie Ihre Daten verarbeitet werden und welche Rechte Ihnen diesbez\u00fcglich zustehen. Zweck und Umfang der Datenverarbeitung Die durch Aufrufen und Besuchen der Website, per Email, Telefon oder schriftlich (z.B. in der Kanzlei) mitgeteilten personenbezogenen Daten, werden zu den folgenden [&hellip;]<\/p>\n","protected":false},"author":2,"featured_media":0,"parent":0,"menu_order":0,"comment_status":"closed","ping_status":"closed","template":"","meta":{"footnotes":""},"class_list":["post-231","page","type-page","status-publish","hentry"],"_links":{"self":[{"href":"https:\/\/www.kanzlei-vespermann.de\/index.php?rest_route=\/wp\/v2\/pages\/231","targetHints":{"allow":["GET"]}}],"collection":[{"href":"https:\/\/www.kanzlei-vespermann.de\/index.php?rest_route=\/wp\/v2\/pages"}],"about":[{"href":"https:\/\/www.kanzlei-vespermann.de\/index.php?rest_route=\/wp\/v2\/types\/page"}],"author":[{"embeddable":true,"href":"https:\/\/www.kanzlei-vespermann.de\/index.php?rest_route=\/wp\/v2\/users\/2"}],"replies":[{"embeddable":true,"href":"https:\/\/www.kanzlei-vespermann.de\/index.php?rest_route=%2Fwp%2Fv2%2Fcomments&post=231"}],"version-history":[{"count":24,"href":"https:\/\/www.kanzlei-vespermann.de\/index.php?rest_route=\/wp\/v2\/pages\/231\/revisions"}],"predecessor-version":[{"id":393,"href":"https:\/\/www.kanzlei-vespermann.de\/index.php?rest_route=\/wp\/v2\/pages\/231\/revisions\/393"}],"wp:attachment":[{"href":"https:\/\/www.kanzlei-vespermann.de\/index.php?rest_route=%2Fwp%2Fv2%2Fmedia&parent=231"}],"curies":[{"name":"wp","href":"https:\/\/api.w.org\/{rel}","templated":true}]}}