{"id":23,"date":"2017-01-04T11:42:35","date_gmt":"2017-01-04T10:42:35","guid":{"rendered":"https:\/\/www.kanzlei-vespermann.de\/?page_id=23"},"modified":"2026-02-06T15:25:11","modified_gmt":"2026-02-06T14:25:11","slug":"impressum","status":"publish","type":"page","link":"https:\/\/www.kanzlei-vespermann.de\/?page_id=23","title":{"rendered":"Impressum"},"content":{"rendered":"<p><strong>Inhaberin:<\/strong> Rechtsanw\u00e4ltin Sonja Vespermann<\/p>\n<h4>Pflichtangaben gem\u00e4\u00df \u00a7 5 Telemediengesetz<\/h4>\n<p>Anschrift:<\/p>\n<p>Rechtsanw\u00e4ltin Sonja Vespermann<br \/>\nTwietenkoppel 87a, 22395 Hamburg<\/p>\n<p>Email: info@kanzlei-vespermann.de<\/p>\n<div id=\"container\">\n<div class=\"wrap\">\n<div id=\"main\" class=\"main\">\n<article id=\"post-160\" class=\"entry page publish author-csc post-160\">\n<div class=\"entry-content\">\n<p>Rechtsanw\u00e4ltin Sonja Vespermann ist Mitglied der Hanseatischen Rechtsanwaltskammer Hamburg und f\u00fchrt den Titel Rechtsanw\u00e4ltin, der ihr in der Bundesrepublik Deutschland verliehen wurde.<\/p>\n<p>Aufsichtsbeh\u00f6rde ist der Vorstand der Hanseatischen Rechtsanwaltskammer Hamburg, Valentinskamp 88, 20355 Hamburg.<\/p>\n<p>Die f\u00fcr die Berufsaus\u00fcbung ma\u00dfgeblichen Regelungen sind:<\/p>\n<ul>\n<li>Bundesrechtsanwaltsordnung (BRAO)<\/li>\n<li>Rechtsanwaltsverg\u00fctungsgesetz (RVG)<\/li>\n<li>Berufsordnung der Rechtsanw\u00e4lte (BORA)<\/li>\n<\/ul>\n<p>Die berufsrechtlichen Regelungen k\u00f6nnen Sie im Internetangebot der Bundesrechtsanwaltskammer einsehen.<\/p>\n<\/div>\n<\/article>\n<\/div>\n<\/div>\n<\/div>\n<div id=\"container\">\n<div class=\"wrap\">\n<div id=\"main\" class=\"main\">\n<article id=\"post-160\" class=\"entry page publish author-csc post-160\">\n<div class=\"entry-content\">\n<h4 class=\"font-headlines\">Berufshaftpflichtversicherung<\/h4>\n<p>Es besteht eine Berufshaftpflichtversicherung bei:<\/p>\n<\/div>\n<\/article>\n<\/div>\n<\/div>\n<\/div>\n<p>Allianz Deutschland AG<br \/>\nK\u00f6niginstra\u00dfe 28<br \/>\n80802 M\u00fcnchen<\/p>\n<div class=\"row\">\n<div class=\"row\">\n<div class=\"twelve columns\">\n<div class=\"impressum\">\n<p>Versicherungsnummer: GHV 30\/0457\/3051784\/001<\/p>\n<\/div>\n<h4>Haftungsausschluss<\/h4>\n<\/div>\n<p>Diese Website enth\u00e4lt Verkn\u00fcpfungen zu Websites Dritter. Diese Websites unterliegen der Haftung der jeweiligen Betreiber. Der Anbieter hat bei der erstmaligen Verkn\u00fcpfung der externen Links die fremden Inhalte daraufhin \u00fcberpr\u00fcft, ob etwaige Rechtsverst\u00f6\u00dfe bestehen. Zu dem Zeitpunkt waren keine Rechtsverst\u00f6\u00dfe ersichtlich. Der Anbieter hat keinerlei Einfluss auf die aktuelle und zuk\u00fcnftige Gestaltung und auf die Inhalte der verkn\u00fcpften Seiten. Das Setzen von externen Links bedeutet nicht, dass sich der Anbieter die hinter dem Verweis oder Link liegenden Inhalte zu Eigen macht. Eine st\u00e4ndige Kontrolle der externen Links ist f\u00fcr den Anbieter ohne konkrete Hinweise auf Rechtsverst\u00f6\u00dfe nicht zumutbar. Bei Kenntnis von Rechtsverst\u00f6\u00dfen werden jedoch derartige externe Links unverz\u00fcglich gel\u00f6scht.<\/p>\n<\/div>\n<div id=\"wrapper\">\n<div id=\"container\">\n<div id=\"container_content\">\n<div id=\"main\">\n<div class=\"inside\">\n<div id=\"hinweise\" class=\"mod_article block\">\n<div class=\"ce_text block\">\n<p>Alle Informationen auf dieser Website sind unverbindlich. Die Inhaberin \u00fcbernimmt keine Gew\u00e4hr f\u00fcr Richtigkeit, Vollst\u00e4ndigkeit oder Aktualit\u00e4t und beh\u00e4lt sich vor, Teile oder das gesamte Angebot ohne gesonderte Ank\u00fcndigung zu ver\u00e4ndern, zu erg\u00e4nzen, zu l\u00f6schen oder einzustellen. Die Haftung f\u00fcr den Inhalt der abrufbaren Informationen wird ausgeschlossen, soweit es sich nicht um vors\u00e4tzliche oder grob fahrl\u00e4ssige Falschinformation handelt. Verpflichtungen zur Entfernung oder Sperrung der Nutzung von Informationen nach den allgemeinen Gesetzen bleiben hiervon unber\u00fchrt. Eine diesbez\u00fcgliche Haftung ist jedoch erst ab dem Zeitpunkt der Kenntnis einer konkreten Rechtsverletzung m\u00f6glich. Bei Bekanntwerden von entsprechenden Rechtsverletzungen werden diese Inhalte umgehend entfernt.<\/p>\n<\/div>\n<\/div>\n<\/div>\n<\/div>\n<\/div>\n<\/div>\n<\/div>\n<div class=\"row\">\n<div id=\"jf-wrapper-outer\">\n<div id=\"container\">\n<div id=\"container_content\">\n<div id=\"main\">\n<div class=\"inside\">\n<div id=\"hinweise\" class=\"mod_article block\">\n<div class=\"ce_text block\">\n<p>Es handelt sich bei dieser Homepage ausdr\u00fccklich um keine Rechtsberatung. Durch die Nutzung dieser Internetseiten kann ein Mandatsverh\u00e4ltnis nicht begr\u00fcndet werden.<\/p>\n<\/div>\n<\/div>\n<\/div>\n<\/div>\n<\/div>\n<\/div>\n<\/div>\n<div class=\"twelve columns\">\n<div class=\"impressum\">\n<h4>Urheberrecht<\/h4>\n<div id=\"jf-wrapper-outer\">\n<div id=\"jf-wrapper-middle\">\n<div id=\"jf-wrapper-inner\">\n<div id=\"jf-inhalt\" class=\"jf-desk \">\n<div id=\"inhalt\" class=\"jf-service\">\n<div id=\"spalte-inhalt\">\n<div>\n<div class=\"rahmen abstand10 direkt-oben\">\n<div class=\"std_text_oberhalb\">Die auf dieser Website ver\u00f6ffentlichten Inhalte unterliegen dem deutschen Urheber- und Leistungsschutzrecht. Jede vom deutschen Urheber- und Leistungsschutzrecht nicht zugelassene Verwertung bedarf der vorherigen schriftlichen Genehmigung des Anbieters oder jeweiligen Rechteinhabers. Dies gilt insbesondere f\u00fcr Vervielf\u00e4ltigung, Bearbeitung, \u00dcbersetzung, Einspeicherung, Verarbeitung bzw. Wiedergabe von Inhalten. Inhalte und Rechte Dritter sind dabei als solche gekennzeichnet. Lediglich die Herstellung von Kopien und Downloads f\u00fcr den pers\u00f6nlichen, privaten und nicht kommerziellen Gebrauch ist erlaubt.<\/div>\n<\/div>\n<\/div>\n<\/div>\n<\/div>\n<\/div>\n<\/div>\n<\/div>\n<\/div>\n<\/div>\n<\/div>\n<\/div>\n<\/div>\n","protected":false},"excerpt":{"rendered":"<p>Inhaberin: Rechtsanw\u00e4ltin Sonja Vespermann Pflichtangaben gem\u00e4\u00df \u00a7 5 Telemediengesetz Anschrift: Rechtsanw\u00e4ltin Sonja Vespermann Twietenkoppel 87a, 22395 Hamburg Email: info@kanzlei-vespermann.de Rechtsanw\u00e4ltin Sonja Vespermann ist Mitglied der Hanseatischen Rechtsanwaltskammer Hamburg und f\u00fchrt den Titel Rechtsanw\u00e4ltin, der ihr in der Bundesrepublik Deutschland verliehen wurde. Aufsichtsbeh\u00f6rde ist der Vorstand der Hanseatischen Rechtsanwaltskammer Hamburg, Valentinskamp 88, 20355 Hamburg. Die f\u00fcr [&hellip;]<\/p>\n","protected":false},"author":2,"featured_media":0,"parent":0,"menu_order":0,"comment_status":"closed","ping_status":"closed","template":"","meta":{"footnotes":""},"class_list":["post-23","page","type-page","status-publish","hentry"],"_links":{"self":[{"href":"https:\/\/www.kanzlei-vespermann.de\/index.php?rest_route=\/wp\/v2\/pages\/23","targetHints":{"allow":["GET"]}}],"collection":[{"href":"https:\/\/www.kanzlei-vespermann.de\/index.php?rest_route=\/wp\/v2\/pages"}],"about":[{"href":"https:\/\/www.kanzlei-vespermann.de\/index.php?rest_route=\/wp\/v2\/types\/page"}],"author":[{"embeddable":true,"href":"https:\/\/www.kanzlei-vespermann.de\/index.php?rest_route=\/wp\/v2\/users\/2"}],"replies":[{"embeddable":true,"href":"https:\/\/www.kanzlei-vespermann.de\/index.php?rest_route=%2Fwp%2Fv2%2Fcomments&post=23"}],"version-history":[{"count":17,"href":"https:\/\/www.kanzlei-vespermann.de\/index.php?rest_route=\/wp\/v2\/pages\/23\/revisions"}],"predecessor-version":[{"id":402,"href":"https:\/\/www.kanzlei-vespermann.de\/index.php?rest_route=\/wp\/v2\/pages\/23\/revisions\/402"}],"wp:attachment":[{"href":"https:\/\/www.kanzlei-vespermann.de\/index.php?rest_route=%2Fwp%2Fv2%2Fmedia&parent=23"}],"curies":[{"name":"wp","href":"https:\/\/api.w.org\/{rel}","templated":true}]}}