{"id":204,"date":"2017-06-12T14:26:39","date_gmt":"2017-06-12T13:26:39","guid":{"rendered":"https:\/\/www.kanzlei-vespermann.de\/?page_id=204"},"modified":"2020-04-28T11:14:15","modified_gmt":"2020-04-28T10:14:15","slug":"zur-person","status":"publish","type":"page","link":"https:\/\/www.kanzlei-vespermann.de\/?page_id=204","title":{"rendered":"Zur Person"},"content":{"rendered":"<p class=\"hide-if-no-js\" style=\"text-align: left;\"><a id=\"set-post-thumbnail\" class=\"thickbox\" href=\"https:\/\/www.kanzlei-vespermann.de\/wp-admin\/media-upload.php?post_id=204&amp;type=image&amp;TB_iframe=1\" aria-describedby=\"set-post-thumbnail-desc\">\u00a0<img loading=\"lazy\" decoding=\"async\" class=\"attachment-266x266 size-266x266\" src=\"https:\/\/www.kanzlei-vespermann.de\/wp-content\/uploads\/2017\/06\/FSN0048-rr-13x18-Fotostudio-Nina.jpg\" sizes=\"auto, (max-width: 190px) 100vw, 190px\" srcset=\"https:\/\/www.kanzlei-vespermann.de\/wp-content\/uploads\/2017\/06\/FSN0048-rr-13x18-Fotostudio-Nina.jpg 300w, https:\/\/www.kanzlei-vespermann.de\/wp-content\/uploads\/2017\/06\/FSN0048-rr-13x18-Fotostudio-Nina-214x300.jpg 214w\" alt=\"\" width=\"190\" height=\"266\" \/><\/a><\/p>\n<p>An dieser Stelle m\u00f6chte ich mich gerne vorstellen.\u00a0 Man k\u00f6nnte sagen, ich bin eine echte Hamburger Deern.<\/p>\n<p>1987 in vierter Generation in Hamburg geboren und im sch\u00f6nen Stadtteil Bergstedt aufgewachsen, habe ich sowohl meine Schulzeit, als auch mein Studium nebst Referendariat in Hamburg absolviert.<\/p>\n<p>Auch wenn es mich immer wieder in andere St\u00e4dte und L\u00e4nder zieht, bleibt Hamburg f\u00fcr mich einfach die sch\u00f6nste Stadt.<\/p>\n<p>Schon Anfang des Studiums war ich mir sicher, Anw\u00e4ltin werden zu wollen. Aus diesem Grund habe ich bereits im Referendariat die M\u00f6glichkeit ergriffen, in verschiedenen Kanzleien und auch im Notariat Erfahrungen zu sammeln. In dieser Zeit ist mir besonders bewusst geworden, wie wichtig es mir ist, zu sehen und zu erleben, dass meine Arbeit den einzelnen Mandanten hilft. Eine Mitarbeit in einer der vielen Gro\u00dfkanzleien, die Hamburg zu bieten hat, war und ist daher auch heute noch nichts f\u00fcr mich.<\/p>\n<p>Anfang 2017 habe ich deshalb meine eigene Kanzlei gegr\u00fcndet und freue mich, wenn ich auch Ihnen bei Ihren rechtlichen Problemen zur Seite stehen darf.<\/p>\n","protected":false},"excerpt":{"rendered":"<p>\u00a0 An dieser Stelle m\u00f6chte ich mich gerne vorstellen.\u00a0 Man k\u00f6nnte sagen, ich bin eine echte Hamburger Deern. 1987 in vierter Generation in Hamburg geboren und im sch\u00f6nen Stadtteil Bergstedt aufgewachsen, habe ich sowohl meine Schulzeit, als auch mein Studium nebst Referendariat in Hamburg absolviert. Auch wenn es mich immer wieder in andere St\u00e4dte und [&hellip;]<\/p>\n","protected":false},"author":2,"featured_media":205,"parent":0,"menu_order":0,"comment_status":"closed","ping_status":"closed","template":"","meta":{"footnotes":""},"class_list":["post-204","page","type-page","status-publish","has-post-thumbnail","hentry"],"_links":{"self":[{"href":"https:\/\/www.kanzlei-vespermann.de\/index.php?rest_route=\/wp\/v2\/pages\/204","targetHints":{"allow":["GET"]}}],"collection":[{"href":"https:\/\/www.kanzlei-vespermann.de\/index.php?rest_route=\/wp\/v2\/pages"}],"about":[{"href":"https:\/\/www.kanzlei-vespermann.de\/index.php?rest_route=\/wp\/v2\/types\/page"}],"author":[{"embeddable":true,"href":"https:\/\/www.kanzlei-vespermann.de\/index.php?rest_route=\/wp\/v2\/users\/2"}],"replies":[{"embeddable":true,"href":"https:\/\/www.kanzlei-vespermann.de\/index.php?rest_route=%2Fwp%2Fv2%2Fcomments&post=204"}],"version-history":[{"count":6,"href":"https:\/\/www.kanzlei-vespermann.de\/index.php?rest_route=\/wp\/v2\/pages\/204\/revisions"}],"predecessor-version":[{"id":321,"href":"https:\/\/www.kanzlei-vespermann.de\/index.php?rest_route=\/wp\/v2\/pages\/204\/revisions\/321"}],"wp:featuredmedia":[{"embeddable":true,"href":"https:\/\/www.kanzlei-vespermann.de\/index.php?rest_route=\/wp\/v2\/media\/205"}],"wp:attachment":[{"href":"https:\/\/www.kanzlei-vespermann.de\/index.php?rest_route=%2Fwp%2Fv2%2Fmedia&parent=204"}],"curies":[{"name":"wp","href":"https:\/\/api.w.org\/{rel}","templated":true}]}}