{"id":124,"date":"2017-01-16T23:09:02","date_gmt":"2017-01-16T22:09:02","guid":{"rendered":"https:\/\/www.kanzlei-vespermann.de\/?page_id=124"},"modified":"2018-08-30T14:32:21","modified_gmt":"2018-08-30T13:32:21","slug":"verschluesselte-kommunikation","status":"publish","type":"page","link":"https:\/\/www.kanzlei-vespermann.de\/?page_id=124","title":{"rendered":"Verschl\u00fcsselte Kommunikation"},"content":{"rendered":"<p>Mein PGP-Schl\u00fcssel f\u00fcr verschl\u00fcsselte Kommunikation per E-Mail:<\/p>\n<p>&#8212;&#8211;BEGIN PGP PUBLIC KEY BLOCK&#8212;&#8211;<br \/>\nVersion: GnuPG v2<\/p>\n<p>mQINBFuH7YUBEADVpJGiiPa8EcL5\/xVstPBFKtwQqooGUeCGeygVl\/XDTgTJOL+w<br \/>\nYXiKwxvLfIpLdeorteE28XTfsWEp0ivdF4if1IBxsIkoI1Gvma8k62POTczOJRAe<br \/>\npigrlMGdri93IZnaO7LvgnblA\/Z6XYDmbI8ro88ZUBPM\/+NTz6dFIUtV1lzjelho<br \/>\nknN4p5+I3vzzI9ytiyDmnwjO4yrvbPmvay+qKFZbf29\/U0OejfbolDjGqKSbvqUa<br \/>\neeXcRgSJQBXrOdEpi4Ngy3bmD9ZmBPJGE1lzwaJI2WQYRAjVqot+dYQ7n9BzFQr7<br \/>\nukooFz\/FQ5imZfSSt7TWhXXo9at1CM\/5ls7N3o8kQfgVw0WVrZPBxliPIB0HiNiv<br \/>\nCyUItJy3N1AFtJWytbQsyrNyat0K2LBCgvYtIamYbnfbdHfGLhFVwulWrOF0fu5d<br \/>\nRfZNuf8wEz9cWm37T\/FTe8h6M1xf3KTV+0m7u1P217UeHJaTrG1vDnDltU+fsEiR<br \/>\nw5en9tf\/3Guob4HNzMpKZqwgUMwI7drmbC5m61LwRky1UkMuLxJGNT\/mJ6ll6gU+<br \/>\nf6Oseol9QwkAqTNN23b4MXCz3ljsDd1\/\/YLCh\/UhKlddRdQC9jRE45yjP4Yyump6<br \/>\nHpzE48P9Jl5wtoi3Sap+Ranm9qesmwKtvtXq0LK3y8UEFFsXnRgeDbGMAQARAQAB<br \/>\ntC1Tb25qYSBWZXNwZXJtYW5uIDxpbmZvQGthbnpsZWktdmVzcGVybWFubi5kZT6J<br \/>\nAjkEEwEIACMFAluH7YUCGyMHCwkIBwMCAQYVCAIJCgsEFgIDAQIeAQIXgAAKCRDB<br \/>\nGZBcxK4D\/C\/JD\/4o6B1E5msAme8iTMdrM864XkdtWZexfioeJ5xfK6Z5\/1vWXnAZ<br \/>\nmAcBw8fw3SAbydda734OU\/fxiQ0uPDpQa6OJXfPrrQPWpiIpHewOLBq+o\/OHGFbJ<br \/>\n7ZAeLzlYL3Km3JrpClgT9uX2kd+VxanvA4Pn84jMgmddG+PXurPvB8kmMIgEzYda<br \/>\nSZ61VfB5JT99aV8ZwcvqPOkrXgOEWpL445jhF3QjVzdWGzNBaWybFWq9qi3wI\/pt<br \/>\ntxFyxHbblFx8360uLST5JUGO97GRD4Two\/24Li00sarpl5HCVMFlH\/rz2YUfOCq2<br \/>\nNlItK6lt\/ez9SC9uFZDBW+8AnYx1CiohW4g\/zrPsT05bsjki5BKY\/lq59KJ\/rQPo<br \/>\nmCEgiAKdwzypFt1m0g4YoADdWwsDwWTVsTmkVtXxcs3Ta\/3ZSxoeZPTHCP06ici1<br \/>\npTijPRLBosjpmMkYJt4+HSh+W0OoGUY9Rvs0c42asPXGwSAsQ8SDY0wtvOG3fQJR<br \/>\nRsgmLZ9DkoszOglo4BXqDF6CbjhzUa1EV6fyOJZ1x9XWNKN7goDeni492\/arbjgB<br \/>\nWnFkcJSWprhBvOislIaXV4nVpOkSDUWuFBlBfaHFlgFjIWzQtgUjyj67YzwlQnPW<br \/>\npzw7vni0hry6i1sZNWdsWuUB00U\/+C1EDw6UNZB1X3+9lqHBFeWxxt\/QxLkCDQRb<br \/>\nh+2FARAAuPo0P2d17jo0d2kPiYUR9+AyMaYhDvIecZz5FZCAscgA5QrGvDxEOIie<br \/>\nvaKUzbEmjCnyDp2E4kXvP4rudTQiHFTHvKcrGlsHBH7OZ8pdZTI91rVLtd3W8XvX<br \/>\nMgf1FNqlFE6yGxRIBQ8zCtd1P0vxzgSWu8t6AK2IuUq5M0dGsPZyFo9WdPFXAJBT<br \/>\nkgSz2UYW0z0CPi2KVVi87P1qx5eiDs2dVtYC3aCPHp\/qCEwxqYnfKz81rhFufvOz<br \/>\nfI0J+OyB0KGktKOI\/wdGXQZ7hjPPUlzMdubus0eYA8AxzbQ26lIK8I8Z0e\/cezAt<br \/>\nEfsXu2sT48u09SePsdVQtGE489V7tHCBAB2mWut6c3PoeJHWc+TnCqusIb43JZlP<br \/>\nmee\/E511e8L1gkz\/TIb7GfIq0mc1KZWAHbDfhnA89or0WzECJdv0Hubo07k3i2vW<br \/>\ntUgIIS\/F08Gu5HLI3Q7Dk1ncFKzU2srefP7NXGMf60LefgkgrGbQCFKpqsIKYrvI<br \/>\npugRWUPO8mnE480ETfL7zaEBAscao90Hc7sRC1in5HZoO2+ZdiNZPwaB1b8xx53u<br \/>\njNR3HwCWmf5UQFv2SHY4+iE5fXua3+J8iiYI5vyNBZdKlqyZsKyz7WGt2iIwIv2K<br \/>\n6ihMyXHiukSvQlfUiFSOH65h4JvEerOyNbRTMdKO4y6xhbAXw8MAEQEAAYkCHwQY<br \/>\nAQgACQUCW4fthQIbDAAKCRDBGZBcxK4D\/LgSD\/0Xqz8W3vPp91wV9Fz1DEhmu+bB<br \/>\n3ybdFZSpChsVZYhTVf0K4NIncVLSFf4cfiXMdwW2czqY\/PINye0dY9HTytr2geZH<br \/>\n9R9sfbSBIDMlzHxJf8gogM6f3ttXgm9FKPYmz5Fup1P86XGu8P6pl99xnDzP43V9<br \/>\njl3+Ms4ZVo0LJeRspQHLSpH8W4zTgYeNWoxFMkTfpAvo3dGnCX8qiXU+zLumZTwV<br \/>\nyd2388dnyUJcjmI5TaYPg9zwGGmqbSRtQIOb3\/MZPih9OXg8prC1Hys15S9qnyRW<br \/>\nPmCdHjuSAdAEEWnQgNPsPB8+ANfxE0nwGFDU8ReOLRQFmbYwYf0FK6wL\/jDKpGYO<br \/>\n6l9rfIL9qVvDjKNZH5cv7DOpt8Mzlg4y7p2sqaqvJvXP11qMl3RAWKVdhcKjb09X<br \/>\n\/SlaHK6uufCqGUymopd\/0Suz4fwKW3xX3weA9U7vJqcD3u0XnOAuvkfFXcaDfxgp<br \/>\n3GTu0KCB6tLce6n4DWFpdLAjPUPSbadng7mg4wjAUmyr7oeW+Ca1aO0isF9d38wA<br \/>\n7OtAtPgjjHEF7GfL\/khHEMq9trsBy9PjwtU9VhkGDY4xVy7imv8spsM2M\/rqZ5\/z<br \/>\nKHfEOKd\/WJeZYOUvGov+3Kd6HQm5iAkpjqcg2VyETliR4G8ND8hIpNt4n2yakbLQ<br \/>\nydbItQyDpbY0ieMhIQ==<br \/>\n=ShOI<br \/>\n&#8212;&#8211;END PGP PUBLIC KEY BLOCK&#8212;&#8211;<\/p>\n","protected":false},"excerpt":{"rendered":"<p>Mein PGP-Schl\u00fcssel f\u00fcr verschl\u00fcsselte Kommunikation per E-Mail: &#8212;&#8211;BEGIN PGP PUBLIC KEY BLOCK&#8212;&#8211; Version: GnuPG v2 mQINBFuH7YUBEADVpJGiiPa8EcL5\/xVstPBFKtwQqooGUeCGeygVl\/XDTgTJOL+w YXiKwxvLfIpLdeorteE28XTfsWEp0ivdF4if1IBxsIkoI1Gvma8k62POTczOJRAe pigrlMGdri93IZnaO7LvgnblA\/Z6XYDmbI8ro88ZUBPM\/+NTz6dFIUtV1lzjelho knN4p5+I3vzzI9ytiyDmnwjO4yrvbPmvay+qKFZbf29\/U0OejfbolDjGqKSbvqUa eeXcRgSJQBXrOdEpi4Ngy3bmD9ZmBPJGE1lzwaJI2WQYRAjVqot+dYQ7n9BzFQr7 ukooFz\/FQ5imZfSSt7TWhXXo9at1CM\/5ls7N3o8kQfgVw0WVrZPBxliPIB0HiNiv CyUItJy3N1AFtJWytbQsyrNyat0K2LBCgvYtIamYbnfbdHfGLhFVwulWrOF0fu5d RfZNuf8wEz9cWm37T\/FTe8h6M1xf3KTV+0m7u1P217UeHJaTrG1vDnDltU+fsEiR w5en9tf\/3Guob4HNzMpKZqwgUMwI7drmbC5m61LwRky1UkMuLxJGNT\/mJ6ll6gU+ f6Oseol9QwkAqTNN23b4MXCz3ljsDd1\/\/YLCh\/UhKlddRdQC9jRE45yjP4Yyump6 HpzE48P9Jl5wtoi3Sap+Ranm9qesmwKtvtXq0LK3y8UEFFsXnRgeDbGMAQARAQAB tC1Tb25qYSBWZXNwZXJtYW5uIDxpbmZvQGthbnpsZWktdmVzcGVybWFubi5kZT6J AjkEEwEIACMFAluH7YUCGyMHCwkIBwMCAQYVCAIJCgsEFgIDAQIeAQIXgAAKCRDB GZBcxK4D\/C\/JD\/4o6B1E5msAme8iTMdrM864XkdtWZexfioeJ5xfK6Z5\/1vWXnAZ mAcBw8fw3SAbydda734OU\/fxiQ0uPDpQa6OJXfPrrQPWpiIpHewOLBq+o\/OHGFbJ 7ZAeLzlYL3Km3JrpClgT9uX2kd+VxanvA4Pn84jMgmddG+PXurPvB8kmMIgEzYda SZ61VfB5JT99aV8ZwcvqPOkrXgOEWpL445jhF3QjVzdWGzNBaWybFWq9qi3wI\/pt txFyxHbblFx8360uLST5JUGO97GRD4Two\/24Li00sarpl5HCVMFlH\/rz2YUfOCq2 NlItK6lt\/ez9SC9uFZDBW+8AnYx1CiohW4g\/zrPsT05bsjki5BKY\/lq59KJ\/rQPo mCEgiAKdwzypFt1m0g4YoADdWwsDwWTVsTmkVtXxcs3Ta\/3ZSxoeZPTHCP06ici1 pTijPRLBosjpmMkYJt4+HSh+W0OoGUY9Rvs0c42asPXGwSAsQ8SDY0wtvOG3fQJR RsgmLZ9DkoszOglo4BXqDF6CbjhzUa1EV6fyOJZ1x9XWNKN7goDeni492\/arbjgB WnFkcJSWprhBvOislIaXV4nVpOkSDUWuFBlBfaHFlgFjIWzQtgUjyj67YzwlQnPW pzw7vni0hry6i1sZNWdsWuUB00U\/+C1EDw6UNZB1X3+9lqHBFeWxxt\/QxLkCDQRb h+2FARAAuPo0P2d17jo0d2kPiYUR9+AyMaYhDvIecZz5FZCAscgA5QrGvDxEOIie vaKUzbEmjCnyDp2E4kXvP4rudTQiHFTHvKcrGlsHBH7OZ8pdZTI91rVLtd3W8XvX Mgf1FNqlFE6yGxRIBQ8zCtd1P0vxzgSWu8t6AK2IuUq5M0dGsPZyFo9WdPFXAJBT kgSz2UYW0z0CPi2KVVi87P1qx5eiDs2dVtYC3aCPHp\/qCEwxqYnfKz81rhFufvOz fI0J+OyB0KGktKOI\/wdGXQZ7hjPPUlzMdubus0eYA8AxzbQ26lIK8I8Z0e\/cezAt EfsXu2sT48u09SePsdVQtGE489V7tHCBAB2mWut6c3PoeJHWc+TnCqusIb43JZlP mee\/E511e8L1gkz\/TIb7GfIq0mc1KZWAHbDfhnA89or0WzECJdv0Hubo07k3i2vW tUgIIS\/F08Gu5HLI3Q7Dk1ncFKzU2srefP7NXGMf60LefgkgrGbQCFKpqsIKYrvI pugRWUPO8mnE480ETfL7zaEBAscao90Hc7sRC1in5HZoO2+ZdiNZPwaB1b8xx53u jNR3HwCWmf5UQFv2SHY4+iE5fXua3+J8iiYI5vyNBZdKlqyZsKyz7WGt2iIwIv2K 6ihMyXHiukSvQlfUiFSOH65h4JvEerOyNbRTMdKO4y6xhbAXw8MAEQEAAYkCHwQY AQgACQUCW4fthQIbDAAKCRDBGZBcxK4D\/LgSD\/0Xqz8W3vPp91wV9Fz1DEhmu+bB 3ybdFZSpChsVZYhTVf0K4NIncVLSFf4cfiXMdwW2czqY\/PINye0dY9HTytr2geZH 9R9sfbSBIDMlzHxJf8gogM6f3ttXgm9FKPYmz5Fup1P86XGu8P6pl99xnDzP43V9 jl3+Ms4ZVo0LJeRspQHLSpH8W4zTgYeNWoxFMkTfpAvo3dGnCX8qiXU+zLumZTwV yd2388dnyUJcjmI5TaYPg9zwGGmqbSRtQIOb3\/MZPih9OXg8prC1Hys15S9qnyRW [&hellip;]<\/p>\n","protected":false},"author":2,"featured_media":0,"parent":0,"menu_order":0,"comment_status":"closed","ping_status":"closed","template":"","meta":{"footnotes":""},"class_list":["post-124","page","type-page","status-publish","hentry"],"_links":{"self":[{"href":"https:\/\/www.kanzlei-vespermann.de\/index.php?rest_route=\/wp\/v2\/pages\/124","targetHints":{"allow":["GET"]}}],"collection":[{"href":"https:\/\/www.kanzlei-vespermann.de\/index.php?rest_route=\/wp\/v2\/pages"}],"about":[{"href":"https:\/\/www.kanzlei-vespermann.de\/index.php?rest_route=\/wp\/v2\/types\/page"}],"author":[{"embeddable":true,"href":"https:\/\/www.kanzlei-vespermann.de\/index.php?rest_route=\/wp\/v2\/users\/2"}],"replies":[{"embeddable":true,"href":"https:\/\/www.kanzlei-vespermann.de\/index.php?rest_route=%2Fwp%2Fv2%2Fcomments&post=124"}],"version-history":[{"count":5,"href":"https:\/\/www.kanzlei-vespermann.de\/index.php?rest_route=\/wp\/v2\/pages\/124\/revisions"}],"predecessor-version":[{"id":246,"href":"https:\/\/www.kanzlei-vespermann.de\/index.php?rest_route=\/wp\/v2\/pages\/124\/revisions\/246"}],"wp:attachment":[{"href":"https:\/\/www.kanzlei-vespermann.de\/index.php?rest_route=%2Fwp%2Fv2%2Fmedia&parent=124"}],"curies":[{"name":"wp","href":"https:\/\/api.w.org\/{rel}","templated":true}]}}